{"id":2,"date":"2011-03-30T16:43:13","date_gmt":"2011-03-30T16:43:13","guid":{"rendered":"http:\/\/worte-wie-wogen.de\/?page_id=2"},"modified":"2011-03-31T13:27:39","modified_gmt":"2011-03-31T13:27:39","slug":"beispiel-seite","status":"publish","type":"page","link":"https:\/\/worte-wie-wogen.de\/","title":{"rendered":"Hallo Welt!"},"content":{"rendered":"<div id=\"fb_share_1\" style=\"float: right; margin-left: 10px;\"><a name=\"fb_share\" type=\"box_count\" share_url=\"https:\/\/worte-wie-wogen.de\/\" href=\"http:\/\/www.facebook.com\/sharer.php\">Share<\/a><\/div><div><script src=\"http:\/\/static.ak.fbcdn.net\/connect.php\/js\/FB.Share\" type=\"text\/javascript\"><\/script><\/div><p>Willkommen auf\u00a0 &#8222;Worte wie Wogen&#8220;.<\/p>\n<p>Jedesmal, wenn ich durch die weiten wundersamen Welten des Internets  surfe, frage ich mich: &#8222;Gibt es eigentlich nur noch Videos? Sind Songs  alles? Wo bleibt die Poesie?&#8220;<\/p>\n<p>Auch das geschriebene Wort kann eine Melodie sein oder ein Bild  malen. Nur erschlie\u00dfen sich die Bilder und Melodien erst beim  Lesen. Und das Beste: Jeder hat sein eigenes Bild vor Augen und h\u00f6rt  seinen ganz pers\u00f6nlichen Soundtrack.<\/p>\n<p>Worte sind wie Wogen. Sie k\u00f6nnen dich \u00fcberschwemmen. Sie rauben dir den Atem oder sie tragen dich hinaus auf die  weite See. Sie sp\u00fclen dich an unbekannte Str\u00e4nde und sie lassen dich  unter die Oberfl\u00e4che blicken.<\/p>\n<p>Ich w\u00fcnsche mir, dass Sie, liebe\/r Leser\/in in meinen Worten  versinken. In ihnen ertrinken. Auf ihnen reiten und in neue Welten  gleiten. Dass Sie den Alltag vergessen und kurz verweilen, bevor Sie weiter eilen.<\/p>\n<p>Wie Ebbe und Flut &#8211; ein stetes Kommen und Gehen.<\/p>\n<p>Viel Spa\u00df auf &#8222;Worte wie Wogen&#8220;,<\/p>\n<p>Andreas Franke<\/p>\n<p>PS: \u00a9\u00a9\u00a9 Alle, auf diesen Seiten ver\u00f6ffentlichten Texte geh\u00f6ren mir! Sie sind mein ganz pers\u00f6nliches Gedankengut! Wer sich ungefragt an ihnen vergreift, sie kopiert, ver\u00e4ndert und\/oder unter seinem Namen<span style=\"color: #999999;\"> (f\u00fcr kommerzielle Zwecke) <\/span>nutzt, macht sich nicht nur strafbar &#8211; nein er\/sie m\u00f6ge auf Ewig in der H\u00f6lle schmoren! Copyrightsverletzungen und Plagiat sind KEIN Kavaliersdelikt!<\/p>\n<p>Wer meine Texte privat nutzen m\u00f6chte, z.B. als Geschenk oder zum Vorlesen, kann dies aber, unter Angabe des Autoren, gerne tun. Wer evtl. ein sch\u00f6nes Gedicht oder einen Liedtext in Auftrag geben m\u00f6chte, darf sich gerne an mich wenden. Und weil sich im Leben alles ausgleichen sollte, nehme ich daf\u00fcr auch eine Geldspende gerne an.\u00a0 \u00a9\u00a9\u00a9<\/p>\n<p>PS 2: Dies ist mein erster Blog. Und wenn hier einiges unprofessionell  oder komisch aussehen sollte, dann dr\u00fccken Sie mal ein Auge zu &#8211; oder  geben mir einen Tipp, wie&#8217;s besser geht.<\/p>\n<a href=\"http:\/\/twitter.com\/share\" class=\"twitter-share-button\" data-url=\"https:\/\/worte-wie-wogen.de\/\" data-text=\"Hallo Welt!\" data-count=\"horizontal\">Tweet<\/a><div id=\"wp_fb_like_button\" style=\"margin:5px 0;float:none;height:100px;\"><script src=\"http:\/\/connect.facebook.net\/en_US\/all.js#xfbml=1\"><\/script><fb:like href=\"https:\/\/worte-wie-wogen.de\/\" send=\"false\" layout=\"like\" width=\"450\" show_faces=\"true\" font=\"arial\" action=\"\" colorscheme=\"light\"><\/fb:like><\/div>","protected":false},"excerpt":{"rendered":"<p>ShareWillkommen auf\u00a0 &#8222;Worte wie Wogen&#8220;. Jedesmal, wenn ich durch die weiten wundersamen Welten des Internets surfe, frage ich mich: &#8222;Gibt es eigentlich nur noch Videos? Sind Songs alles? Wo bleibt die Poesie?&#8220; Auch das geschriebene Wort kann eine Melodie sein &hellip; <a href=\"https:\/\/worte-wie-wogen.de\/\">Weiterlesen <span class=\"meta-nav\">&rarr;<\/span><\/a><\/p>\n","protected":false},"author":1,"featured_media":0,"parent":0,"menu_order":0,"comment_status":"open","ping_status":"open","template":"","meta":{"footnotes":""},"class_list":["post-2","page","type-page","status-publish","hentry"],"_links":{"self":[{"href":"https:\/\/worte-wie-wogen.de\/index.php?rest_route=\/wp\/v2\/pages\/2","targetHints":{"allow":["GET"]}}],"collection":[{"href":"https:\/\/worte-wie-wogen.de\/index.php?rest_route=\/wp\/v2\/pages"}],"about":[{"href":"https:\/\/worte-wie-wogen.de\/index.php?rest_route=\/wp\/v2\/types\/page"}],"author":[{"embeddable":true,"href":"https:\/\/worte-wie-wogen.de\/index.php?rest_route=\/wp\/v2\/users\/1"}],"replies":[{"embeddable":true,"href":"https:\/\/worte-wie-wogen.de\/index.php?rest_route=%2Fwp%2Fv2%2Fcomments&post=2"}],"version-history":[{"count":13,"href":"https:\/\/worte-wie-wogen.de\/index.php?rest_route=\/wp\/v2\/pages\/2\/revisions"}],"predecessor-version":[{"id":27,"href":"https:\/\/worte-wie-wogen.de\/index.php?rest_route=\/wp\/v2\/pages\/2\/revisions\/27"}],"wp:attachment":[{"href":"https:\/\/worte-wie-wogen.de\/index.php?rest_route=%2Fwp%2Fv2%2Fmedia&parent=2"}],"curies":[{"name":"wp","href":"https:\/\/api.w.org\/{rel}","templated":true}]}}